{"id":145,"date":"2013-05-02T22:47:00","date_gmt":"2013-05-02T20:47:00","guid":{"rendered":"http:\/\/www.sterzelbacher.de\/wp\/?page_id=145"},"modified":"2026-04-21T23:19:44","modified_gmt":"2026-04-21T21:19:44","slug":"home","status":"publish","type":"page","link":"https:\/\/www.sterzelbacher.de\/wp\/","title":{"rendered":"Home"},"content":{"rendered":"<div class=\"wp-block-image\">\n<figure class=\"aligncenter size-full\"><a href=\"https:\/\/www.sterzelbacher.de\/wp\/wp-content\/uploads\/2026\/04\/abend_blasmusik_2026.png\"><img loading=\"lazy\" decoding=\"async\" width=\"540\" height=\"780\" src=\"https:\/\/www.sterzelbacher.de\/wp\/wp-content\/uploads\/2026\/04\/abend_blasmusik_2026.png\" alt=\"\" class=\"wp-image-1006\" srcset=\"https:\/\/www.sterzelbacher.de\/wp\/wp-content\/uploads\/2026\/04\/abend_blasmusik_2026.png 540w, https:\/\/www.sterzelbacher.de\/wp\/wp-content\/uploads\/2026\/04\/abend_blasmusik_2026-208x300.png 208w\" sizes=\"auto, (max-width: 540px) 100vw, 540px\" \/><\/a><\/figure>\n<\/div>\n\n\n<p><\/p>\n\n\n\n<p class=\"has-text-align-left\"><strong>Liebe Mitglieder, Freunde und Interessierte unseres Musikvereins,<\/strong><\/p>\n\n\n\n<p>ich freue mich, Sie auf unserer Homepage begr\u00fc\u00dfen zu d\u00fcrfen. Die Sterzelbacher Musikanten spielen Blasmusik live in traditioneller und moderner Art. Auf unserer Internetseite finden Sie weitere Informationen \u00fcber unseren Musikverein, wie z.B. die Vereinsgeschichte, unsere Jahrestermine, Bilder von verschiedenen Veranstaltungen des Musikvereins und vieles mehr.<\/p>\n\n\n\n<p>Gerne umrahmen und gestalten wir Feiern aller Art, begleiten Ihren Festzug, spielen St\u00e4ndchen und nat\u00fcrlich auch Konzerte. Unser Internetauftritt soll vielen Interessierten und Musikfreunden die M\u00f6glichkeit bieten, sich ein Bild \u00fcber uns zu machen.<br>Sollten Sie Fragen haben, wollen Sie unseren Musikverein durch eine passive Mitgliedschaft oder in einer anderen Art und Weise unterst\u00fctzen, melden Sie sich bitte unter unserer Kontaktadresse. Selbstverst\u00e4ndlich sind bei uns auch jederzeit Musiker herzlich willkommen, die bei den Sterzelbachern mitspielen wollen.<\/p>\n\n\n\n<p>Ich w\u00fcnsche Ihnen allen viel Freude bei der Blasmusik und beim Surfen im Internet.<br>Mit musikalischen Gr\u00fc\u00dfen<\/p>\n\n\n\n<p><strong>Andr\u00e9 Rudolph<\/strong><br>(1. Vorstand)<\/p>\n\n\n\n<p><\/p>\n\n\n<div class=\"wp-block-image\">\n<figure class=\"aligncenter size-full\"><a href=\"https:\/\/www.sterzelbacher.de\/wp\/wp-content\/uploads\/2025\/03\/sterzelbacher2025_big.jpg\"><img loading=\"lazy\" decoding=\"async\" width=\"1000\" height=\"636\" src=\"https:\/\/www.sterzelbacher.de\/wp\/wp-content\/uploads\/2025\/03\/sterzelbacher2025.jpg\" alt=\"\" class=\"wp-image-898\" srcset=\"https:\/\/www.sterzelbacher.de\/wp\/wp-content\/uploads\/2025\/03\/sterzelbacher2025.jpg 1000w, https:\/\/www.sterzelbacher.de\/wp\/wp-content\/uploads\/2025\/03\/sterzelbacher2025-300x191.jpg 300w, https:\/\/www.sterzelbacher.de\/wp\/wp-content\/uploads\/2025\/03\/sterzelbacher2025-768x488.jpg 768w, https:\/\/www.sterzelbacher.de\/wp\/wp-content\/uploads\/2025\/03\/sterzelbacher2025-624x397.jpg 624w\" sizes=\"auto, (max-width: 1000px) 100vw, 1000px\" \/><\/a><\/figure>\n<\/div>","protected":false},"excerpt":{"rendered":"<p>Liebe Mitglieder, Freunde und Interessierte unseres Musikvereins, ich freue mich, Sie auf unserer Homepage begr\u00fc\u00dfen zu d\u00fcrfen. Die Sterzelbacher Musikanten spielen Blasmusik live in traditioneller und moderner Art. Auf unserer [&hellip;]<\/p>\n","protected":false},"author":1,"featured_media":0,"parent":0,"menu_order":0,"comment_status":"closed","ping_status":"closed","template":"","meta":{"footnotes":"","_links_to":"","_links_to_target":""},"class_list":["post-145","page","type-page","status-publish","hentry"],"_links":{"self":[{"href":"https:\/\/www.sterzelbacher.de\/wp\/wp-json\/wp\/v2\/pages\/145","targetHints":{"allow":["GET"]}}],"collection":[{"href":"https:\/\/www.sterzelbacher.de\/wp\/wp-json\/wp\/v2\/pages"}],"about":[{"href":"https:\/\/www.sterzelbacher.de\/wp\/wp-json\/wp\/v2\/types\/page"}],"author":[{"embeddable":true,"href":"https:\/\/www.sterzelbacher.de\/wp\/wp-json\/wp\/v2\/users\/1"}],"replies":[{"embeddable":true,"href":"https:\/\/www.sterzelbacher.de\/wp\/wp-json\/wp\/v2\/comments?post=145"}],"version-history":[{"count":78,"href":"https:\/\/www.sterzelbacher.de\/wp\/wp-json\/wp\/v2\/pages\/145\/revisions"}],"predecessor-version":[{"id":1009,"href":"https:\/\/www.sterzelbacher.de\/wp\/wp-json\/wp\/v2\/pages\/145\/revisions\/1009"}],"wp:attachment":[{"href":"https:\/\/www.sterzelbacher.de\/wp\/wp-json\/wp\/v2\/media?parent=145"}],"curies":[{"name":"wp","href":"https:\/\/api.w.org\/{rel}","templated":true}]}}